{"id":12029,"date":"2023-02-08T13:53:55","date_gmt":"2023-02-08T18:53:55","guid":{"rendered":"https:\/\/ugava.com\/shop\/uncategorized\/keratinliss-blond-systeme\/"},"modified":"2023-02-08T13:53:55","modified_gmt":"2023-02-08T18:53:55","slug":"keratinliss-blond-systeme","status":"publish","type":"product","link":"https:\/\/ugava.com\/en\/shop\/biotipo\/keratinliss-blond-systeme\/","title":{"rendered":"KERATINLISS LISSAGE BLOND Syst\u00e8me"},"content":{"rendered":"<p>La ligne Biotipo Brazil KeratinLiss a \u00e9t\u00e9 con\u00e7ue pour faciliter le lissage des cheveux pour cheveux Blonds. Il apporte de la flexibilit\u00e9, enl\u00e8ve les frisottis et restructure la fibre capillaire. Il se compose d\u2019un m\u00e9lange qui utilise la technologie amine-cyst\u00e9ine, les principaux actifs de Babassu, Murumuru, Cupua\u00e7u et K\u00e9ratine.<\/p>\n<p>KeratinLiss Syst\u00e8me de Lissage<\/p>\n<ul>\n<li>\u00a0Shampoing\u00a0 nettoyant KeratinLiss 80ml, 1000ml<\/li>\n<li>Traitement Lissage\u00a0\u00a0 KeratinLiss 120ml, 1000ml<\/li>\n<li>\u00a0Masque Restructurant\u00a0 pour 3eme \u00c9tape KeratinLiss 80ml, 500ml<\/li>\n<\/ul>\n<p>&nbsp;<\/p>\n<p>&nbsp;<\/p>\n<p>&nbsp;<\/p>\n<p>&nbsp;<\/p>\n","protected":false},"excerpt":{"rendered":"<p>La ligne Biotipo Brazil KeratinLiss a \u00e9t\u00e9 con\u00e7ue pour faciliter le lissage des cheveux pour cheveux Blonds. Il apporte de la flexibilit\u00e9, enl\u00e8ve les frisottis et restructure la fibre capillaire. Il se compose d\u2019un m\u00e9lange qui utilise la technologie amine-cyst\u00e9ine, les principaux actifs de Babassu, Murumuru, Cupua\u00e7u et K\u00e9ratine. KeratinLiss Syst\u00e8me de Lissage \u00a0Shampoing\u00a0 nettoyant KeratinLiss 80ml, 1000ml Traitement Lissage\u00a0\u00a0 KeratinLiss 120ml, 1000ml \u00a0Masque Restructurant\u00a0 pour 3eme \u00c9tape KeratinLiss 80ml, 500ml &nbsp; &nbsp; &nbsp; &nbsp;<\/p>\n","protected":false},"featured_media":11479,"template":"","meta":[],"product_brand":[610],"product_cat":[149,464],"product_tag":[],"class_list":{"0":"post-12029","1":"product","2":"type-product","3":"status-publish","4":"has-post-thumbnail","6":"product_brand-biotipo","7":"product_cat-biotipo","8":"product_cat-professional-items","11":"first","12":"instock","13":"sale","14":"featured","15":"taxable","16":"shipping-taxable","17":"purchasable","18":"product-type-variable"},"yoast_head":"<!-- This site is optimized with the Yoast SEO Premium plugin v26.4 (Yoast SEO v26.4) - https:\/\/yoast.com\/wordpress\/plugins\/seo\/ -->\n<title>KERATINLISS LISSAGE BLOND Syst\u00e8me - UGAVA<\/title>\n<meta name=\"robots\" content=\"index, follow, max-snippet:-1, max-image-preview:large, max-video-preview:-1\" \/>\n<link rel=\"canonical\" href=\"https:\/\/ugava.com\/en\/shop\/biotipo\/keratinliss-blond-systeme\/\" \/>\n<meta property=\"og:locale\" content=\"en_US\" \/>\n<meta property=\"og:type\" content=\"article\" \/>\n<meta property=\"og:title\" content=\"KERATINLISS LISSAGE BLOND Syst\u00e8me\" \/>\n<meta property=\"og:description\" content=\"La ligne Biotipo Brazil KeratinLiss a \u00e9t\u00e9 con\u00e7ue pour faciliter le lissage des cheveux pour cheveux Blonds. Il apporte de la flexibilit\u00e9, enl\u00e8ve les frisottis et restructure la fibre capillaire. Il se compose d\u2019un m\u00e9lange qui utilise la technologie amine-cyst\u00e9ine, les principaux actifs de Babassu, Murumuru, Cupua\u00e7u et K\u00e9ratine. KeratinLiss Syst\u00e8me de Lissage \u00a0Shampoing\u00a0 nettoyant KeratinLiss 80ml, 1000ml Traitement Lissage\u00a0\u00a0 KeratinLiss 120ml, 1000ml \u00a0Masque Restructurant\u00a0 pour 3eme \u00c9tape KeratinLiss 80ml, 500ml &nbsp; &nbsp; &nbsp; &nbsp;\" \/>\n<meta property=\"og:url\" content=\"https:\/\/ugava.com\/en\/shop\/biotipo\/keratinliss-blond-systeme\/\" \/>\n<meta property=\"og:site_name\" content=\"UGAVA\" \/>\n<meta property=\"article:publisher\" content=\"https:\/\/www.facebook.com\/ugava\" \/>\n<meta name=\"twitter:card\" content=\"summary_large_image\" \/>\n<meta name=\"twitter:label1\" content=\"Availability\" \/>\n\t<meta name=\"twitter:data1\" content=\"In stock\" \/>\n<script type=\"application\/ld+json\" class=\"yoast-schema-graph\">{\"@context\":\"https:\/\/schema.org\",\"@graph\":[{\"@type\":\"WebPage\",\"@id\":\"https:\/\/ugava.com\/en\/shop\/biotipo\/keratinliss-blond-systeme\/\",\"url\":\"https:\/\/ugava.com\/en\/shop\/biotipo\/keratinliss-blond-systeme\/\",\"name\":\"KERATINLISS LISSAGE BLOND Syst\u00e8me - UGAVA\",\"isPartOf\":{\"@id\":\"https:\/\/ugava.com\/en\/#website\"},\"primaryImageOfPage\":{\"@id\":\"https:\/\/ugava.com\/en\/shop\/biotipo\/keratinliss-blond-systeme\/#primaryimage\"},\"image\":{\"@id\":\"https:\/\/ugava.com\/en\/shop\/biotipo\/keratinliss-blond-systeme\/#primaryimage\"},\"thumbnailUrl\":\"https:\/\/ugava.com\/wp-content\/uploads\/2023\/02\/KeratinLiss-Blond-System-scaled.jpg\",\"datePublished\":\"2023-02-08T18:53:55+00:00\",\"breadcrumb\":{\"@id\":\"https:\/\/ugava.com\/en\/shop\/biotipo\/keratinliss-blond-systeme\/#breadcrumb\"},\"inLanguage\":\"en-US\",\"potentialAction\":[{\"@type\":\"ReadAction\",\"target\":[\"https:\/\/ugava.com\/en\/shop\/biotipo\/keratinliss-blond-systeme\/\"]}]},{\"@type\":\"ImageObject\",\"inLanguage\":\"en-US\",\"@id\":\"https:\/\/ugava.com\/en\/shop\/biotipo\/keratinliss-blond-systeme\/#primaryimage\",\"url\":\"https:\/\/ugava.com\/wp-content\/uploads\/2023\/02\/KeratinLiss-Blond-System-scaled.jpg\",\"contentUrl\":\"https:\/\/ugava.com\/wp-content\/uploads\/2023\/02\/KeratinLiss-Blond-System-scaled.jpg\",\"width\":2560,\"height\":1693},{\"@type\":\"BreadcrumbList\",\"@id\":\"https:\/\/ugava.com\/en\/shop\/biotipo\/keratinliss-blond-systeme\/#breadcrumb\",\"itemListElement\":[{\"@type\":\"ListItem\",\"position\":1,\"name\":\"Home\",\"item\":\"https:\/\/ugava.com\/en\/\"},{\"@type\":\"ListItem\",\"position\":2,\"name\":\"Shop\",\"item\":\"https:\/\/ugava.com\/en\/shop-2\/\"},{\"@type\":\"ListItem\",\"position\":3,\"name\":\"KERATINLISS LISSAGE BLOND Syst\u00e8me\"}]},{\"@type\":\"WebSite\",\"@id\":\"https:\/\/ugava.com\/en\/#website\",\"url\":\"https:\/\/ugava.com\/en\/\",\"name\":\"UGAVA\",\"description\":\"DISTRIBUTION UGAVA\",\"publisher\":{\"@id\":\"https:\/\/ugava.com\/en\/#organization\"},\"potentialAction\":[{\"@type\":\"SearchAction\",\"target\":{\"@type\":\"EntryPoint\",\"urlTemplate\":\"https:\/\/ugava.com\/en\/?s={search_term_string}\"},\"query-input\":{\"@type\":\"PropertyValueSpecification\",\"valueRequired\":true,\"valueName\":\"search_term_string\"}}],\"inLanguage\":\"en-US\"},{\"@type\":\"Organization\",\"@id\":\"https:\/\/ugava.com\/en\/#organization\",\"name\":\"DISTRIBUTION UGAVA\",\"url\":\"https:\/\/ugava.com\/en\/\",\"logo\":{\"@type\":\"ImageObject\",\"inLanguage\":\"en-US\",\"@id\":\"https:\/\/ugava.com\/en\/#\/schema\/logo\/image\/\",\"url\":\"https:\/\/ugava.com\/wp-content\/uploads\/2021\/03\/cropped-logoUgava1-1024-icon-1.gif\",\"contentUrl\":\"https:\/\/ugava.com\/wp-content\/uploads\/2021\/03\/cropped-logoUgava1-1024-icon-1.gif\",\"width\":512,\"height\":512,\"caption\":\"DISTRIBUTION UGAVA\"},\"image\":{\"@id\":\"https:\/\/ugava.com\/en\/#\/schema\/logo\/image\/\"},\"sameAs\":[\"https:\/\/www.facebook.com\/ugava\",\"https:\/\/www.instagram.com\/ugava.distribution\"]}]}<\/script>\n<meta property=\"og:availability\" content=\"instock\" \/>\n<meta property=\"product:availability\" content=\"instock\" \/>\n<meta property=\"product:condition\" content=\"new\" \/>\n<!-- \/ Yoast SEO Premium plugin. -->","yoast_head_json":{"title":"KERATINLISS LISSAGE BLOND Syst\u00e8me - UGAVA","robots":{"index":"index","follow":"follow","max-snippet":"max-snippet:-1","max-image-preview":"max-image-preview:large","max-video-preview":"max-video-preview:-1"},"canonical":"https:\/\/ugava.com\/en\/shop\/biotipo\/keratinliss-blond-systeme\/","og_locale":"en_US","og_type":"article","og_title":"KERATINLISS LISSAGE BLOND Syst\u00e8me","og_description":"La ligne Biotipo Brazil KeratinLiss a \u00e9t\u00e9 con\u00e7ue pour faciliter le lissage des cheveux pour cheveux Blonds. Il apporte de la flexibilit\u00e9, enl\u00e8ve les frisottis et restructure la fibre capillaire. Il se compose d\u2019un m\u00e9lange qui utilise la technologie amine-cyst\u00e9ine, les principaux actifs de Babassu, Murumuru, Cupua\u00e7u et K\u00e9ratine. KeratinLiss Syst\u00e8me de Lissage \u00a0Shampoing\u00a0 nettoyant KeratinLiss 80ml, 1000ml Traitement Lissage\u00a0\u00a0 KeratinLiss 120ml, 1000ml \u00a0Masque Restructurant\u00a0 pour 3eme \u00c9tape KeratinLiss 80ml, 500ml &nbsp; &nbsp; &nbsp; &nbsp;","og_url":"https:\/\/ugava.com\/en\/shop\/biotipo\/keratinliss-blond-systeme\/","og_site_name":"UGAVA","article_publisher":"https:\/\/www.facebook.com\/ugava","twitter_card":"summary_large_image","twitter_misc":{"Availability":"In stock"},"schema":{"@context":"https:\/\/schema.org","@graph":[{"@type":"WebPage","@id":"https:\/\/ugava.com\/en\/shop\/biotipo\/keratinliss-blond-systeme\/","url":"https:\/\/ugava.com\/en\/shop\/biotipo\/keratinliss-blond-systeme\/","name":"KERATINLISS LISSAGE BLOND Syst\u00e8me - UGAVA","isPartOf":{"@id":"https:\/\/ugava.com\/en\/#website"},"primaryImageOfPage":{"@id":"https:\/\/ugava.com\/en\/shop\/biotipo\/keratinliss-blond-systeme\/#primaryimage"},"image":{"@id":"https:\/\/ugava.com\/en\/shop\/biotipo\/keratinliss-blond-systeme\/#primaryimage"},"thumbnailUrl":"https:\/\/ugava.com\/wp-content\/uploads\/2023\/02\/KeratinLiss-Blond-System-scaled.jpg","datePublished":"2023-02-08T18:53:55+00:00","breadcrumb":{"@id":"https:\/\/ugava.com\/en\/shop\/biotipo\/keratinliss-blond-systeme\/#breadcrumb"},"inLanguage":"en-US","potentialAction":[{"@type":"ReadAction","target":["https:\/\/ugava.com\/en\/shop\/biotipo\/keratinliss-blond-systeme\/"]}]},{"@type":"ImageObject","inLanguage":"en-US","@id":"https:\/\/ugava.com\/en\/shop\/biotipo\/keratinliss-blond-systeme\/#primaryimage","url":"https:\/\/ugava.com\/wp-content\/uploads\/2023\/02\/KeratinLiss-Blond-System-scaled.jpg","contentUrl":"https:\/\/ugava.com\/wp-content\/uploads\/2023\/02\/KeratinLiss-Blond-System-scaled.jpg","width":2560,"height":1693},{"@type":"BreadcrumbList","@id":"https:\/\/ugava.com\/en\/shop\/biotipo\/keratinliss-blond-systeme\/#breadcrumb","itemListElement":[{"@type":"ListItem","position":1,"name":"Home","item":"https:\/\/ugava.com\/en\/"},{"@type":"ListItem","position":2,"name":"Shop","item":"https:\/\/ugava.com\/en\/shop-2\/"},{"@type":"ListItem","position":3,"name":"KERATINLISS LISSAGE BLOND Syst\u00e8me"}]},{"@type":"WebSite","@id":"https:\/\/ugava.com\/en\/#website","url":"https:\/\/ugava.com\/en\/","name":"UGAVA","description":"DISTRIBUTION UGAVA","publisher":{"@id":"https:\/\/ugava.com\/en\/#organization"},"potentialAction":[{"@type":"SearchAction","target":{"@type":"EntryPoint","urlTemplate":"https:\/\/ugava.com\/en\/?s={search_term_string}"},"query-input":{"@type":"PropertyValueSpecification","valueRequired":true,"valueName":"search_term_string"}}],"inLanguage":"en-US"},{"@type":"Organization","@id":"https:\/\/ugava.com\/en\/#organization","name":"DISTRIBUTION UGAVA","url":"https:\/\/ugava.com\/en\/","logo":{"@type":"ImageObject","inLanguage":"en-US","@id":"https:\/\/ugava.com\/en\/#\/schema\/logo\/image\/","url":"https:\/\/ugava.com\/wp-content\/uploads\/2021\/03\/cropped-logoUgava1-1024-icon-1.gif","contentUrl":"https:\/\/ugava.com\/wp-content\/uploads\/2021\/03\/cropped-logoUgava1-1024-icon-1.gif","width":512,"height":512,"caption":"DISTRIBUTION UGAVA"},"image":{"@id":"https:\/\/ugava.com\/en\/#\/schema\/logo\/image\/"},"sameAs":["https:\/\/www.facebook.com\/ugava","https:\/\/www.instagram.com\/ugava.distribution"]}]},"og_availability":"instock","product_availability":"instock","product_condition":"new"},"_links":{"self":[{"href":"https:\/\/ugava.com\/en\/wp-json\/wp\/v2\/product\/12029","targetHints":{"allow":["GET"]}}],"collection":[{"href":"https:\/\/ugava.com\/en\/wp-json\/wp\/v2\/product"}],"about":[{"href":"https:\/\/ugava.com\/en\/wp-json\/wp\/v2\/types\/product"}],"wp:featuredmedia":[{"embeddable":true,"href":"https:\/\/ugava.com\/en\/wp-json\/wp\/v2\/media\/11479"}],"wp:attachment":[{"href":"https:\/\/ugava.com\/en\/wp-json\/wp\/v2\/media?parent=12029"}],"wp:term":[{"taxonomy":"product_brand","embeddable":true,"href":"https:\/\/ugava.com\/en\/wp-json\/wp\/v2\/product_brand?post=12029"},{"taxonomy":"product_cat","embeddable":true,"href":"https:\/\/ugava.com\/en\/wp-json\/wp\/v2\/product_cat?post=12029"},{"taxonomy":"product_tag","embeddable":true,"href":"https:\/\/ugava.com\/en\/wp-json\/wp\/v2\/product_tag?post=12029"}],"curies":[{"name":"wp","href":"https:\/\/api.w.org\/{rel}","templated":true}]}}