{"id":12049,"date":"2023-02-07T10:44:27","date_gmt":"2023-02-07T15:44:27","guid":{"rendered":"https:\/\/ugava.com\/shop\/uncategorized\/ligne-proteinliss\/"},"modified":"2023-02-07T10:44:27","modified_gmt":"2023-02-07T15:44:27","slug":"ligne-proteinliss","status":"publish","type":"product","link":"https:\/\/ugava.com\/en\/shop\/biotipo\/ligne-proteinliss\/","title":{"rendered":"PROTEINLISS Traitement Lissage"},"content":{"rendered":"<p>Le traitement BIOTIPO PROTEINLISS instantan\u00e9ment, lisse, r\u00e9pare, conditionne et renforce les cheveux \u00e0 l\u2019aide d\u2019un rem\u00e8de revitalisant intense qui restaure la vitalit\u00e9 en r\u00e9parant les cheveux de l\u2019int\u00e9rieur. Associ\u00e9 \u00e0 des actifs naturels: collag\u00e8ne, prot\u00e9ines et extrait de caf\u00e9 vert, donne un r\u00e9sultat \u00e9tonnant laissant un cheveu \u00e9lastique, souple et doux avec une brillance naturellement vibrante.<\/p>\n<p>PROTEINLISS KIT<\/p>\n<ul>\n<li>1 shampoing\u00a0 nettoyant ProteinLiss 120ml et 1000ml<\/li>\n<li>1 Traitement Lissage R\u00e9duction de Volume ProteinLiss 120ml, 1000ml<\/li>\n<li>1 Traitement Restructurant\u00a0 pour 3\u00e9me \u00c9tape ProteinLiss 120ml, 500ml<\/li>\n<\/ul>\n<p>&nbsp;<\/p>\n","protected":false},"excerpt":{"rendered":"<p>Traitement Lissage\u00a0 a la Proteine,\u00a0 et reparateur des cheveux endommag\u00e9s.<\/p>\n<p>Contient : contient du collag\u00e8ne, de la prot\u00e9ine et de l\u2019extrait de caf\u00e9 vert<\/p>\n","protected":false},"featured_media":11385,"template":"","meta":[],"product_brand":[610],"product_cat":[149,464],"product_tag":[],"class_list":{"0":"post-12049","1":"product","2":"type-product","3":"status-publish","4":"has-post-thumbnail","6":"product_brand-biotipo","7":"product_cat-biotipo","8":"product_cat-professional-items","11":"first","12":"instock","13":"featured","14":"taxable","15":"shipping-taxable","16":"purchasable","17":"product-type-variable"},"yoast_head":"<!-- This site is optimized with the Yoast SEO Premium plugin v26.4 (Yoast SEO v26.4) - https:\/\/yoast.com\/wordpress\/plugins\/seo\/ -->\n<title>PROTEINLISS Traitement Lissage - UGAVA<\/title>\n<meta name=\"robots\" content=\"index, follow, max-snippet:-1, max-image-preview:large, max-video-preview:-1\" \/>\n<link rel=\"canonical\" href=\"https:\/\/ugava.com\/en\/shop\/biotipo\/ligne-proteinliss\/\" \/>\n<meta property=\"og:locale\" content=\"en_US\" \/>\n<meta property=\"og:type\" content=\"article\" \/>\n<meta property=\"og:title\" content=\"PROTEINLISS Traitement Lissage\" \/>\n<meta property=\"og:description\" content=\"Traitement Lissage\u00a0 a la Proteine,\u00a0 et reparateur des cheveux endommag\u00e9s.  Contient : contient du collag\u00e8ne, de la prot\u00e9ine et de l\u2019extrait de caf\u00e9 vert\" \/>\n<meta property=\"og:url\" content=\"https:\/\/ugava.com\/en\/shop\/biotipo\/ligne-proteinliss\/\" \/>\n<meta property=\"og:site_name\" content=\"UGAVA\" \/>\n<meta property=\"article:publisher\" content=\"https:\/\/www.facebook.com\/ugava\" \/>\n<meta name=\"twitter:card\" content=\"summary_large_image\" \/>\n<meta name=\"twitter:label1\" content=\"Availability\" \/>\n\t<meta name=\"twitter:data1\" content=\"In stock\" \/>\n<script type=\"application\/ld+json\" class=\"yoast-schema-graph\">{\"@context\":\"https:\/\/schema.org\",\"@graph\":[{\"@type\":\"WebPage\",\"@id\":\"https:\/\/ugava.com\/en\/shop\/biotipo\/ligne-proteinliss\/\",\"url\":\"https:\/\/ugava.com\/en\/shop\/biotipo\/ligne-proteinliss\/\",\"name\":\"PROTEINLISS Traitement Lissage - UGAVA\",\"isPartOf\":{\"@id\":\"https:\/\/ugava.com\/en\/#website\"},\"primaryImageOfPage\":{\"@id\":\"https:\/\/ugava.com\/en\/shop\/biotipo\/ligne-proteinliss\/#primaryimage\"},\"image\":{\"@id\":\"https:\/\/ugava.com\/en\/shop\/biotipo\/ligne-proteinliss\/#primaryimage\"},\"thumbnailUrl\":\"https:\/\/ugava.com\/wp-content\/uploads\/2023\/02\/PROTEINLISS-KIT-COMPLET.jpg\",\"datePublished\":\"2023-02-07T15:44:27+00:00\",\"breadcrumb\":{\"@id\":\"https:\/\/ugava.com\/en\/shop\/biotipo\/ligne-proteinliss\/#breadcrumb\"},\"inLanguage\":\"en-US\",\"potentialAction\":[{\"@type\":\"ReadAction\",\"target\":[\"https:\/\/ugava.com\/en\/shop\/biotipo\/ligne-proteinliss\/\"]}]},{\"@type\":\"ImageObject\",\"inLanguage\":\"en-US\",\"@id\":\"https:\/\/ugava.com\/en\/shop\/biotipo\/ligne-proteinliss\/#primaryimage\",\"url\":\"https:\/\/ugava.com\/wp-content\/uploads\/2023\/02\/PROTEINLISS-KIT-COMPLET.jpg\",\"contentUrl\":\"https:\/\/ugava.com\/wp-content\/uploads\/2023\/02\/PROTEINLISS-KIT-COMPLET.jpg\",\"width\":2024,\"height\":1799},{\"@type\":\"BreadcrumbList\",\"@id\":\"https:\/\/ugava.com\/en\/shop\/biotipo\/ligne-proteinliss\/#breadcrumb\",\"itemListElement\":[{\"@type\":\"ListItem\",\"position\":1,\"name\":\"Home\",\"item\":\"https:\/\/ugava.com\/en\/\"},{\"@type\":\"ListItem\",\"position\":2,\"name\":\"Shop\",\"item\":\"https:\/\/ugava.com\/en\/shop-2\/\"},{\"@type\":\"ListItem\",\"position\":3,\"name\":\"PROTEINLISS Traitement Lissage\"}]},{\"@type\":\"WebSite\",\"@id\":\"https:\/\/ugava.com\/en\/#website\",\"url\":\"https:\/\/ugava.com\/en\/\",\"name\":\"UGAVA\",\"description\":\"DISTRIBUTION UGAVA\",\"publisher\":{\"@id\":\"https:\/\/ugava.com\/en\/#organization\"},\"potentialAction\":[{\"@type\":\"SearchAction\",\"target\":{\"@type\":\"EntryPoint\",\"urlTemplate\":\"https:\/\/ugava.com\/en\/?s={search_term_string}\"},\"query-input\":{\"@type\":\"PropertyValueSpecification\",\"valueRequired\":true,\"valueName\":\"search_term_string\"}}],\"inLanguage\":\"en-US\"},{\"@type\":\"Organization\",\"@id\":\"https:\/\/ugava.com\/en\/#organization\",\"name\":\"DISTRIBUTION UGAVA\",\"url\":\"https:\/\/ugava.com\/en\/\",\"logo\":{\"@type\":\"ImageObject\",\"inLanguage\":\"en-US\",\"@id\":\"https:\/\/ugava.com\/en\/#\/schema\/logo\/image\/\",\"url\":\"https:\/\/ugava.com\/wp-content\/uploads\/2021\/03\/cropped-logoUgava1-1024-icon-1.gif\",\"contentUrl\":\"https:\/\/ugava.com\/wp-content\/uploads\/2021\/03\/cropped-logoUgava1-1024-icon-1.gif\",\"width\":512,\"height\":512,\"caption\":\"DISTRIBUTION UGAVA\"},\"image\":{\"@id\":\"https:\/\/ugava.com\/en\/#\/schema\/logo\/image\/\"},\"sameAs\":[\"https:\/\/www.facebook.com\/ugava\",\"https:\/\/www.instagram.com\/ugava.distribution\"]}]}<\/script>\n<meta property=\"og:availability\" content=\"instock\" \/>\n<meta property=\"product:availability\" content=\"instock\" \/>\n<meta property=\"product:condition\" content=\"new\" \/>\n<!-- \/ Yoast SEO Premium plugin. -->","yoast_head_json":{"title":"PROTEINLISS Traitement Lissage - UGAVA","robots":{"index":"index","follow":"follow","max-snippet":"max-snippet:-1","max-image-preview":"max-image-preview:large","max-video-preview":"max-video-preview:-1"},"canonical":"https:\/\/ugava.com\/en\/shop\/biotipo\/ligne-proteinliss\/","og_locale":"en_US","og_type":"article","og_title":"PROTEINLISS Traitement Lissage","og_description":"Traitement Lissage\u00a0 a la Proteine,\u00a0 et reparateur des cheveux endommag\u00e9s.  Contient : contient du collag\u00e8ne, de la prot\u00e9ine et de l\u2019extrait de caf\u00e9 vert","og_url":"https:\/\/ugava.com\/en\/shop\/biotipo\/ligne-proteinliss\/","og_site_name":"UGAVA","article_publisher":"https:\/\/www.facebook.com\/ugava","twitter_card":"summary_large_image","twitter_misc":{"Availability":"In stock"},"schema":{"@context":"https:\/\/schema.org","@graph":[{"@type":"WebPage","@id":"https:\/\/ugava.com\/en\/shop\/biotipo\/ligne-proteinliss\/","url":"https:\/\/ugava.com\/en\/shop\/biotipo\/ligne-proteinliss\/","name":"PROTEINLISS Traitement Lissage - UGAVA","isPartOf":{"@id":"https:\/\/ugava.com\/en\/#website"},"primaryImageOfPage":{"@id":"https:\/\/ugava.com\/en\/shop\/biotipo\/ligne-proteinliss\/#primaryimage"},"image":{"@id":"https:\/\/ugava.com\/en\/shop\/biotipo\/ligne-proteinliss\/#primaryimage"},"thumbnailUrl":"https:\/\/ugava.com\/wp-content\/uploads\/2023\/02\/PROTEINLISS-KIT-COMPLET.jpg","datePublished":"2023-02-07T15:44:27+00:00","breadcrumb":{"@id":"https:\/\/ugava.com\/en\/shop\/biotipo\/ligne-proteinliss\/#breadcrumb"},"inLanguage":"en-US","potentialAction":[{"@type":"ReadAction","target":["https:\/\/ugava.com\/en\/shop\/biotipo\/ligne-proteinliss\/"]}]},{"@type":"ImageObject","inLanguage":"en-US","@id":"https:\/\/ugava.com\/en\/shop\/biotipo\/ligne-proteinliss\/#primaryimage","url":"https:\/\/ugava.com\/wp-content\/uploads\/2023\/02\/PROTEINLISS-KIT-COMPLET.jpg","contentUrl":"https:\/\/ugava.com\/wp-content\/uploads\/2023\/02\/PROTEINLISS-KIT-COMPLET.jpg","width":2024,"height":1799},{"@type":"BreadcrumbList","@id":"https:\/\/ugava.com\/en\/shop\/biotipo\/ligne-proteinliss\/#breadcrumb","itemListElement":[{"@type":"ListItem","position":1,"name":"Home","item":"https:\/\/ugava.com\/en\/"},{"@type":"ListItem","position":2,"name":"Shop","item":"https:\/\/ugava.com\/en\/shop-2\/"},{"@type":"ListItem","position":3,"name":"PROTEINLISS Traitement Lissage"}]},{"@type":"WebSite","@id":"https:\/\/ugava.com\/en\/#website","url":"https:\/\/ugava.com\/en\/","name":"UGAVA","description":"DISTRIBUTION UGAVA","publisher":{"@id":"https:\/\/ugava.com\/en\/#organization"},"potentialAction":[{"@type":"SearchAction","target":{"@type":"EntryPoint","urlTemplate":"https:\/\/ugava.com\/en\/?s={search_term_string}"},"query-input":{"@type":"PropertyValueSpecification","valueRequired":true,"valueName":"search_term_string"}}],"inLanguage":"en-US"},{"@type":"Organization","@id":"https:\/\/ugava.com\/en\/#organization","name":"DISTRIBUTION UGAVA","url":"https:\/\/ugava.com\/en\/","logo":{"@type":"ImageObject","inLanguage":"en-US","@id":"https:\/\/ugava.com\/en\/#\/schema\/logo\/image\/","url":"https:\/\/ugava.com\/wp-content\/uploads\/2021\/03\/cropped-logoUgava1-1024-icon-1.gif","contentUrl":"https:\/\/ugava.com\/wp-content\/uploads\/2021\/03\/cropped-logoUgava1-1024-icon-1.gif","width":512,"height":512,"caption":"DISTRIBUTION UGAVA"},"image":{"@id":"https:\/\/ugava.com\/en\/#\/schema\/logo\/image\/"},"sameAs":["https:\/\/www.facebook.com\/ugava","https:\/\/www.instagram.com\/ugava.distribution"]}]},"og_availability":"instock","product_availability":"instock","product_condition":"new"},"_links":{"self":[{"href":"https:\/\/ugava.com\/en\/wp-json\/wp\/v2\/product\/12049","targetHints":{"allow":["GET"]}}],"collection":[{"href":"https:\/\/ugava.com\/en\/wp-json\/wp\/v2\/product"}],"about":[{"href":"https:\/\/ugava.com\/en\/wp-json\/wp\/v2\/types\/product"}],"wp:featuredmedia":[{"embeddable":true,"href":"https:\/\/ugava.com\/en\/wp-json\/wp\/v2\/media\/11385"}],"wp:attachment":[{"href":"https:\/\/ugava.com\/en\/wp-json\/wp\/v2\/media?parent=12049"}],"wp:term":[{"taxonomy":"product_brand","embeddable":true,"href":"https:\/\/ugava.com\/en\/wp-json\/wp\/v2\/product_brand?post=12049"},{"taxonomy":"product_cat","embeddable":true,"href":"https:\/\/ugava.com\/en\/wp-json\/wp\/v2\/product_cat?post=12049"},{"taxonomy":"product_tag","embeddable":true,"href":"https:\/\/ugava.com\/en\/wp-json\/wp\/v2\/product_tag?post=12049"}],"curies":[{"name":"wp","href":"https:\/\/api.w.org\/{rel}","templated":true}]}}