{"id":12064,"date":"2020-12-08T03:40:11","date_gmt":"2020-12-08T03:40:11","guid":{"rendered":"https:\/\/ugava.com\/shop\/uncategorized\/gamme-bio-nutritive\/"},"modified":"2020-12-08T03:40:11","modified_gmt":"2020-12-08T03:40:11","slug":"gamme-bio-nutritive","status":"publish","type":"product","link":"https:\/\/ugava.com\/en\/shop\/biotipo\/gamme-bio-nutritive\/","title":{"rendered":"GAMME BIO NUTRITIVE"},"content":{"rendered":"<p>La ligne Bio Nutritive est riche en huiles nobles et vitamines qui ont pour r\u00f4le de nourrir la structure capillaire avec excellence. Les produits contiennent du beurre de karit\u00e9, dans le monde entier connu comme une bonne protection pour la peau et les cheveux et de la vitamine E. les produits agissent sur les m\u00e8ches en les traitant de l\u2019int\u00e9rieur \u00e0 l\u2019ext\u00e9rieur avec des effets antioxydants, la ligne bio nutritive choisit la meilleure fa\u00e7on de nourrir et rajeunit vos cheveux en offrant une exp\u00e9rience unique dans le traitement capillaire.<\/p>\n<p>KIT BIO NUTRITIVE<\/p>\n<ul>\n<li>Shampoing Bio Nutritive. 300ml<\/li>\n<li>Masque Bio Nutritive 250gr<\/li>\n<li>Revitalisant Bio Nutritive 300ml<\/li>\n<li>Bio Nutrive Leave In 300ml<\/li>\n<li>Bio NutritiveTraitement Intense Ampoule 40ml<\/li>\n<\/ul>\n<p>&nbsp;<\/p>\n","protected":false},"excerpt":{"rendered":"<p>La ligne Bio Nutritive est riche en huiles nobles et vitamines qui ont pour r\u00f4le de nourrir la structure capillaire avec excellence. Les produits contiennent du beurre de karit\u00e9, dans le monde entier connu comme une bonne protection pour la peau et les cheveux et de la vitamine E. les produits agissent sur les m\u00e8ches en les traitant de l\u2019int\u00e9rieur \u00e0 l\u2019ext\u00e9rieur avec des effets antioxydants, la ligne bio nutritive choisit la meilleure fa\u00e7on de nourrir et rajeunit vos cheveux en offrant une exp\u00e9rience unique dans le traitement capillaire. KIT BIO NUTRITIVE Shampoing Bio Nutritive. 300ml Masque Bio Nutritive 250gr Revitalisant Bio Nutritive 300ml Bio Nutrive Leave In 300ml Bio NutritiveTraitement Intense Ampoule 40ml &nbsp;<\/p>\n","protected":false},"featured_media":10752,"template":"","meta":[],"product_brand":[610],"product_cat":[15,149],"product_tag":[],"class_list":{"0":"post-12064","1":"product","2":"type-product","3":"status-publish","4":"has-post-thumbnail","6":"product_brand-biotipo","7":"product_cat-uncategorized","8":"product_cat-biotipo","11":"first","12":"instock","13":"featured","14":"taxable","15":"shipping-taxable","16":"product-type-variable"},"yoast_head":"<!-- This site is optimized with the Yoast SEO Premium plugin v26.4 (Yoast SEO v26.4) - https:\/\/yoast.com\/wordpress\/plugins\/seo\/ -->\n<title>GAMME BIO NUTRITIVE - UGAVA<\/title>\n<meta name=\"robots\" content=\"index, follow, max-snippet:-1, max-image-preview:large, max-video-preview:-1\" \/>\n<link rel=\"canonical\" href=\"https:\/\/ugava.com\/en\/shop\/biotipo\/gamme-bio-nutritive\/\" \/>\n<meta property=\"og:locale\" content=\"en_US\" \/>\n<meta property=\"og:type\" content=\"article\" \/>\n<meta property=\"og:title\" content=\"GAMME BIO NUTRITIVE\" \/>\n<meta property=\"og:description\" content=\"La ligne Bio Nutritive est riche en huiles nobles et vitamines qui ont pour r\u00f4le de nourrir la structure capillaire avec excellence. Les produits contiennent du beurre de karit\u00e9, dans le monde entier connu comme une bonne protection pour la peau et les cheveux et de la vitamine E. les produits agissent sur les m\u00e8ches en les traitant de l\u2019int\u00e9rieur \u00e0 l\u2019ext\u00e9rieur avec des effets antioxydants, la ligne bio nutritive choisit la meilleure fa\u00e7on de nourrir et rajeunit vos cheveux en offrant une exp\u00e9rience unique dans le traitement capillaire. KIT BIO NUTRITIVE Shampoing Bio Nutritive. 300ml Masque Bio Nutritive 250gr Revitalisant Bio Nutritive 300ml Bio Nutrive Leave In 300ml Bio NutritiveTraitement Intense Ampoule 40ml &nbsp;\" \/>\n<meta property=\"og:url\" content=\"https:\/\/ugava.com\/en\/shop\/biotipo\/gamme-bio-nutritive\/\" \/>\n<meta property=\"og:site_name\" content=\"UGAVA\" \/>\n<meta property=\"article:publisher\" content=\"https:\/\/www.facebook.com\/ugava\" \/>\n<meta name=\"twitter:card\" content=\"summary_large_image\" \/>\n<meta name=\"twitter:label1\" content=\"Availability\" \/>\n\t<meta name=\"twitter:data1\" content=\"In stock\" \/>\n<script type=\"application\/ld+json\" class=\"yoast-schema-graph\">{\"@context\":\"https:\/\/schema.org\",\"@graph\":[{\"@type\":\"WebPage\",\"@id\":\"https:\/\/ugava.com\/en\/shop\/biotipo\/gamme-bio-nutritive\/\",\"url\":\"https:\/\/ugava.com\/en\/shop\/biotipo\/gamme-bio-nutritive\/\",\"name\":\"GAMME BIO NUTRITIVE - UGAVA\",\"isPartOf\":{\"@id\":\"https:\/\/ugava.com\/en\/#website\"},\"primaryImageOfPage\":{\"@id\":\"https:\/\/ugava.com\/en\/shop\/biotipo\/gamme-bio-nutritive\/#primaryimage\"},\"image\":{\"@id\":\"https:\/\/ugava.com\/en\/shop\/biotipo\/gamme-bio-nutritive\/#primaryimage\"},\"thumbnailUrl\":\"https:\/\/ugava.com\/wp-content\/uploads\/2020\/12\/BIO-NUTRITIVE-gamme.png\",\"datePublished\":\"2020-12-08T03:40:11+00:00\",\"breadcrumb\":{\"@id\":\"https:\/\/ugava.com\/en\/shop\/biotipo\/gamme-bio-nutritive\/#breadcrumb\"},\"inLanguage\":\"en-US\",\"potentialAction\":[{\"@type\":\"ReadAction\",\"target\":[\"https:\/\/ugava.com\/en\/shop\/biotipo\/gamme-bio-nutritive\/\"]}]},{\"@type\":\"ImageObject\",\"inLanguage\":\"en-US\",\"@id\":\"https:\/\/ugava.com\/en\/shop\/biotipo\/gamme-bio-nutritive\/#primaryimage\",\"url\":\"https:\/\/ugava.com\/wp-content\/uploads\/2020\/12\/BIO-NUTRITIVE-gamme.png\",\"contentUrl\":\"https:\/\/ugava.com\/wp-content\/uploads\/2020\/12\/BIO-NUTRITIVE-gamme.png\",\"width\":1980,\"height\":1114},{\"@type\":\"BreadcrumbList\",\"@id\":\"https:\/\/ugava.com\/en\/shop\/biotipo\/gamme-bio-nutritive\/#breadcrumb\",\"itemListElement\":[{\"@type\":\"ListItem\",\"position\":1,\"name\":\"Home\",\"item\":\"https:\/\/ugava.com\/en\/\"},{\"@type\":\"ListItem\",\"position\":2,\"name\":\"Shop\",\"item\":\"https:\/\/ugava.com\/en\/shop-2\/\"},{\"@type\":\"ListItem\",\"position\":3,\"name\":\"GAMME BIO NUTRITIVE\"}]},{\"@type\":\"WebSite\",\"@id\":\"https:\/\/ugava.com\/en\/#website\",\"url\":\"https:\/\/ugava.com\/en\/\",\"name\":\"UGAVA\",\"description\":\"DISTRIBUTION UGAVA\",\"publisher\":{\"@id\":\"https:\/\/ugava.com\/en\/#organization\"},\"potentialAction\":[{\"@type\":\"SearchAction\",\"target\":{\"@type\":\"EntryPoint\",\"urlTemplate\":\"https:\/\/ugava.com\/en\/?s={search_term_string}\"},\"query-input\":{\"@type\":\"PropertyValueSpecification\",\"valueRequired\":true,\"valueName\":\"search_term_string\"}}],\"inLanguage\":\"en-US\"},{\"@type\":\"Organization\",\"@id\":\"https:\/\/ugava.com\/en\/#organization\",\"name\":\"DISTRIBUTION UGAVA\",\"url\":\"https:\/\/ugava.com\/en\/\",\"logo\":{\"@type\":\"ImageObject\",\"inLanguage\":\"en-US\",\"@id\":\"https:\/\/ugava.com\/en\/#\/schema\/logo\/image\/\",\"url\":\"https:\/\/ugava.com\/wp-content\/uploads\/2021\/03\/cropped-logoUgava1-1024-icon-1.gif\",\"contentUrl\":\"https:\/\/ugava.com\/wp-content\/uploads\/2021\/03\/cropped-logoUgava1-1024-icon-1.gif\",\"width\":512,\"height\":512,\"caption\":\"DISTRIBUTION UGAVA\"},\"image\":{\"@id\":\"https:\/\/ugava.com\/en\/#\/schema\/logo\/image\/\"},\"sameAs\":[\"https:\/\/www.facebook.com\/ugava\",\"https:\/\/www.instagram.com\/ugava.distribution\"]}]}<\/script>\n<meta property=\"og:availability\" content=\"instock\" \/>\n<meta property=\"product:availability\" content=\"instock\" \/>\n<meta property=\"product:condition\" content=\"new\" \/>\n<!-- \/ Yoast SEO Premium plugin. -->","yoast_head_json":{"title":"GAMME BIO NUTRITIVE - UGAVA","robots":{"index":"index","follow":"follow","max-snippet":"max-snippet:-1","max-image-preview":"max-image-preview:large","max-video-preview":"max-video-preview:-1"},"canonical":"https:\/\/ugava.com\/en\/shop\/biotipo\/gamme-bio-nutritive\/","og_locale":"en_US","og_type":"article","og_title":"GAMME BIO NUTRITIVE","og_description":"La ligne Bio Nutritive est riche en huiles nobles et vitamines qui ont pour r\u00f4le de nourrir la structure capillaire avec excellence. Les produits contiennent du beurre de karit\u00e9, dans le monde entier connu comme une bonne protection pour la peau et les cheveux et de la vitamine E. les produits agissent sur les m\u00e8ches en les traitant de l\u2019int\u00e9rieur \u00e0 l\u2019ext\u00e9rieur avec des effets antioxydants, la ligne bio nutritive choisit la meilleure fa\u00e7on de nourrir et rajeunit vos cheveux en offrant une exp\u00e9rience unique dans le traitement capillaire. KIT BIO NUTRITIVE Shampoing Bio Nutritive. 300ml Masque Bio Nutritive 250gr Revitalisant Bio Nutritive 300ml Bio Nutrive Leave In 300ml Bio NutritiveTraitement Intense Ampoule 40ml &nbsp;","og_url":"https:\/\/ugava.com\/en\/shop\/biotipo\/gamme-bio-nutritive\/","og_site_name":"UGAVA","article_publisher":"https:\/\/www.facebook.com\/ugava","twitter_card":"summary_large_image","twitter_misc":{"Availability":"In stock"},"schema":{"@context":"https:\/\/schema.org","@graph":[{"@type":"WebPage","@id":"https:\/\/ugava.com\/en\/shop\/biotipo\/gamme-bio-nutritive\/","url":"https:\/\/ugava.com\/en\/shop\/biotipo\/gamme-bio-nutritive\/","name":"GAMME BIO NUTRITIVE - UGAVA","isPartOf":{"@id":"https:\/\/ugava.com\/en\/#website"},"primaryImageOfPage":{"@id":"https:\/\/ugava.com\/en\/shop\/biotipo\/gamme-bio-nutritive\/#primaryimage"},"image":{"@id":"https:\/\/ugava.com\/en\/shop\/biotipo\/gamme-bio-nutritive\/#primaryimage"},"thumbnailUrl":"https:\/\/ugava.com\/wp-content\/uploads\/2020\/12\/BIO-NUTRITIVE-gamme.png","datePublished":"2020-12-08T03:40:11+00:00","breadcrumb":{"@id":"https:\/\/ugava.com\/en\/shop\/biotipo\/gamme-bio-nutritive\/#breadcrumb"},"inLanguage":"en-US","potentialAction":[{"@type":"ReadAction","target":["https:\/\/ugava.com\/en\/shop\/biotipo\/gamme-bio-nutritive\/"]}]},{"@type":"ImageObject","inLanguage":"en-US","@id":"https:\/\/ugava.com\/en\/shop\/biotipo\/gamme-bio-nutritive\/#primaryimage","url":"https:\/\/ugava.com\/wp-content\/uploads\/2020\/12\/BIO-NUTRITIVE-gamme.png","contentUrl":"https:\/\/ugava.com\/wp-content\/uploads\/2020\/12\/BIO-NUTRITIVE-gamme.png","width":1980,"height":1114},{"@type":"BreadcrumbList","@id":"https:\/\/ugava.com\/en\/shop\/biotipo\/gamme-bio-nutritive\/#breadcrumb","itemListElement":[{"@type":"ListItem","position":1,"name":"Home","item":"https:\/\/ugava.com\/en\/"},{"@type":"ListItem","position":2,"name":"Shop","item":"https:\/\/ugava.com\/en\/shop-2\/"},{"@type":"ListItem","position":3,"name":"GAMME BIO NUTRITIVE"}]},{"@type":"WebSite","@id":"https:\/\/ugava.com\/en\/#website","url":"https:\/\/ugava.com\/en\/","name":"UGAVA","description":"DISTRIBUTION UGAVA","publisher":{"@id":"https:\/\/ugava.com\/en\/#organization"},"potentialAction":[{"@type":"SearchAction","target":{"@type":"EntryPoint","urlTemplate":"https:\/\/ugava.com\/en\/?s={search_term_string}"},"query-input":{"@type":"PropertyValueSpecification","valueRequired":true,"valueName":"search_term_string"}}],"inLanguage":"en-US"},{"@type":"Organization","@id":"https:\/\/ugava.com\/en\/#organization","name":"DISTRIBUTION UGAVA","url":"https:\/\/ugava.com\/en\/","logo":{"@type":"ImageObject","inLanguage":"en-US","@id":"https:\/\/ugava.com\/en\/#\/schema\/logo\/image\/","url":"https:\/\/ugava.com\/wp-content\/uploads\/2021\/03\/cropped-logoUgava1-1024-icon-1.gif","contentUrl":"https:\/\/ugava.com\/wp-content\/uploads\/2021\/03\/cropped-logoUgava1-1024-icon-1.gif","width":512,"height":512,"caption":"DISTRIBUTION UGAVA"},"image":{"@id":"https:\/\/ugava.com\/en\/#\/schema\/logo\/image\/"},"sameAs":["https:\/\/www.facebook.com\/ugava","https:\/\/www.instagram.com\/ugava.distribution"]}]},"og_availability":"instock","product_availability":"instock","product_condition":"new"},"_links":{"self":[{"href":"https:\/\/ugava.com\/en\/wp-json\/wp\/v2\/product\/12064","targetHints":{"allow":["GET"]}}],"collection":[{"href":"https:\/\/ugava.com\/en\/wp-json\/wp\/v2\/product"}],"about":[{"href":"https:\/\/ugava.com\/en\/wp-json\/wp\/v2\/types\/product"}],"wp:featuredmedia":[{"embeddable":true,"href":"https:\/\/ugava.com\/en\/wp-json\/wp\/v2\/media\/10752"}],"wp:attachment":[{"href":"https:\/\/ugava.com\/en\/wp-json\/wp\/v2\/media?parent=12064"}],"wp:term":[{"taxonomy":"product_brand","embeddable":true,"href":"https:\/\/ugava.com\/en\/wp-json\/wp\/v2\/product_brand?post=12064"},{"taxonomy":"product_cat","embeddable":true,"href":"https:\/\/ugava.com\/en\/wp-json\/wp\/v2\/product_cat?post=12064"},{"taxonomy":"product_tag","embeddable":true,"href":"https:\/\/ugava.com\/en\/wp-json\/wp\/v2\/product_tag?post=12064"}],"curies":[{"name":"wp","href":"https:\/\/api.w.org\/{rel}","templated":true}]}}