{"id":12076,"date":"2020-12-04T19:19:25","date_gmt":"2020-12-04T19:19:25","guid":{"rendered":"https:\/\/ugava.com\/shop\/uncategorized\/ligne-tutano\/"},"modified":"2020-12-04T19:19:25","modified_gmt":"2020-12-04T19:19:25","slug":"ligne-tutano","status":"publish","type":"product","link":"https:\/\/ugava.com\/en\/shop\/biotipo\/ligne-tutano\/","title":{"rendered":"GAMME TUTANO"},"content":{"rendered":"<p>La Gamme Tutano de Biotipo\u00a0 a \u00e9t\u00e9 con\u00e7ue pour renforcer la fibre du cheveu et lui donner brillance. se vend en produit separ<\/p>\n<p>KIT TUTANO<\/p>\n<ul>\n<li>Shampoing Tutanol. 300ml<\/li>\n<li>Masque Tutano 300gr<\/li>\n<li>Actvateur de Boule sans rinsage Tutano 300ml<\/li>\n<\/ul>\n<p>&nbsp;<\/p>\n","protected":false},"excerpt":{"rendered":"<p>La Gamme Tutano de Biotipo\u00a0 a \u00e9t\u00e9 con\u00e7ue pour renforcer la fibre du cheveu et lui donner brillance. se vend en produit separ KIT TUTANO Shampoing Tutanol. 300ml Masque Tutano 300gr Actvateur de Boule sans rinsage Tutano 300ml &nbsp;<\/p>\n","protected":false},"featured_media":10720,"template":"","meta":[],"product_brand":[610],"product_cat":[15,149],"product_tag":[],"class_list":{"0":"post-12076","1":"product","2":"type-product","3":"status-publish","4":"has-post-thumbnail","6":"product_brand-biotipo","7":"product_cat-uncategorized","8":"product_cat-biotipo","11":"first","12":"instock","13":"sale","14":"featured","15":"taxable","16":"shipping-taxable","17":"purchasable","18":"product-type-variable"},"yoast_head":"<!-- This site is optimized with the Yoast SEO Premium plugin v26.4 (Yoast SEO v26.4) - https:\/\/yoast.com\/wordpress\/plugins\/seo\/ -->\n<title>GAMME TUTANO - UGAVA<\/title>\n<meta name=\"robots\" content=\"index, follow, max-snippet:-1, max-image-preview:large, max-video-preview:-1\" \/>\n<link rel=\"canonical\" href=\"https:\/\/ugava.com\/en\/shop\/biotipo\/ligne-tutano\/\" \/>\n<meta property=\"og:locale\" content=\"en_US\" \/>\n<meta property=\"og:type\" content=\"article\" \/>\n<meta property=\"og:title\" content=\"GAMME TUTANO\" \/>\n<meta property=\"og:description\" content=\"La Gamme Tutano de Biotipo\u00a0 a \u00e9t\u00e9 con\u00e7ue pour renforcer la fibre du cheveu et lui donner brillance. se vend en produit separ KIT TUTANO Shampoing Tutanol. 300ml Masque Tutano 300gr Actvateur de Boule sans rinsage Tutano 300ml &nbsp;\" \/>\n<meta property=\"og:url\" content=\"https:\/\/ugava.com\/en\/shop\/biotipo\/ligne-tutano\/\" \/>\n<meta property=\"og:site_name\" content=\"UGAVA\" \/>\n<meta property=\"article:publisher\" content=\"https:\/\/www.facebook.com\/ugava\" \/>\n<meta name=\"twitter:card\" content=\"summary_large_image\" \/>\n<meta name=\"twitter:label1\" content=\"Availability\" \/>\n\t<meta name=\"twitter:data1\" content=\"In stock\" \/>\n<script type=\"application\/ld+json\" class=\"yoast-schema-graph\">{\"@context\":\"https:\/\/schema.org\",\"@graph\":[{\"@type\":\"WebPage\",\"@id\":\"https:\/\/ugava.com\/en\/shop\/biotipo\/ligne-tutano\/\",\"url\":\"https:\/\/ugava.com\/en\/shop\/biotipo\/ligne-tutano\/\",\"name\":\"GAMME TUTANO - UGAVA\",\"isPartOf\":{\"@id\":\"https:\/\/ugava.com\/en\/#website\"},\"primaryImageOfPage\":{\"@id\":\"https:\/\/ugava.com\/en\/shop\/biotipo\/ligne-tutano\/#primaryimage\"},\"image\":{\"@id\":\"https:\/\/ugava.com\/en\/shop\/biotipo\/ligne-tutano\/#primaryimage\"},\"thumbnailUrl\":\"https:\/\/ugava.com\/wp-content\/uploads\/2020\/12\/BIOTIPO-MARROW-LINE2-scaled.jpg\",\"datePublished\":\"2020-12-04T19:19:25+00:00\",\"breadcrumb\":{\"@id\":\"https:\/\/ugava.com\/en\/shop\/biotipo\/ligne-tutano\/#breadcrumb\"},\"inLanguage\":\"en-US\",\"potentialAction\":[{\"@type\":\"ReadAction\",\"target\":[\"https:\/\/ugava.com\/en\/shop\/biotipo\/ligne-tutano\/\"]}]},{\"@type\":\"ImageObject\",\"inLanguage\":\"en-US\",\"@id\":\"https:\/\/ugava.com\/en\/shop\/biotipo\/ligne-tutano\/#primaryimage\",\"url\":\"https:\/\/ugava.com\/wp-content\/uploads\/2020\/12\/BIOTIPO-MARROW-LINE2-scaled.jpg\",\"contentUrl\":\"https:\/\/ugava.com\/wp-content\/uploads\/2020\/12\/BIOTIPO-MARROW-LINE2-scaled.jpg\",\"width\":2560,\"height\":1153},{\"@type\":\"BreadcrumbList\",\"@id\":\"https:\/\/ugava.com\/en\/shop\/biotipo\/ligne-tutano\/#breadcrumb\",\"itemListElement\":[{\"@type\":\"ListItem\",\"position\":1,\"name\":\"Home\",\"item\":\"https:\/\/ugava.com\/en\/\"},{\"@type\":\"ListItem\",\"position\":2,\"name\":\"Shop\",\"item\":\"https:\/\/ugava.com\/en\/shop-2\/\"},{\"@type\":\"ListItem\",\"position\":3,\"name\":\"GAMME TUTANO\"}]},{\"@type\":\"WebSite\",\"@id\":\"https:\/\/ugava.com\/en\/#website\",\"url\":\"https:\/\/ugava.com\/en\/\",\"name\":\"UGAVA\",\"description\":\"DISTRIBUTION UGAVA\",\"publisher\":{\"@id\":\"https:\/\/ugava.com\/en\/#organization\"},\"potentialAction\":[{\"@type\":\"SearchAction\",\"target\":{\"@type\":\"EntryPoint\",\"urlTemplate\":\"https:\/\/ugava.com\/en\/?s={search_term_string}\"},\"query-input\":{\"@type\":\"PropertyValueSpecification\",\"valueRequired\":true,\"valueName\":\"search_term_string\"}}],\"inLanguage\":\"en-US\"},{\"@type\":\"Organization\",\"@id\":\"https:\/\/ugava.com\/en\/#organization\",\"name\":\"DISTRIBUTION UGAVA\",\"url\":\"https:\/\/ugava.com\/en\/\",\"logo\":{\"@type\":\"ImageObject\",\"inLanguage\":\"en-US\",\"@id\":\"https:\/\/ugava.com\/en\/#\/schema\/logo\/image\/\",\"url\":\"https:\/\/ugava.com\/wp-content\/uploads\/2021\/03\/cropped-logoUgava1-1024-icon-1.gif\",\"contentUrl\":\"https:\/\/ugava.com\/wp-content\/uploads\/2021\/03\/cropped-logoUgava1-1024-icon-1.gif\",\"width\":512,\"height\":512,\"caption\":\"DISTRIBUTION UGAVA\"},\"image\":{\"@id\":\"https:\/\/ugava.com\/en\/#\/schema\/logo\/image\/\"},\"sameAs\":[\"https:\/\/www.facebook.com\/ugava\",\"https:\/\/www.instagram.com\/ugava.distribution\"]}]}<\/script>\n<meta property=\"og:availability\" content=\"instock\" \/>\n<meta property=\"product:availability\" content=\"instock\" \/>\n<meta property=\"product:condition\" content=\"new\" \/>\n<!-- \/ Yoast SEO Premium plugin. -->","yoast_head_json":{"title":"GAMME TUTANO - UGAVA","robots":{"index":"index","follow":"follow","max-snippet":"max-snippet:-1","max-image-preview":"max-image-preview:large","max-video-preview":"max-video-preview:-1"},"canonical":"https:\/\/ugava.com\/en\/shop\/biotipo\/ligne-tutano\/","og_locale":"en_US","og_type":"article","og_title":"GAMME TUTANO","og_description":"La Gamme Tutano de Biotipo\u00a0 a \u00e9t\u00e9 con\u00e7ue pour renforcer la fibre du cheveu et lui donner brillance. se vend en produit separ KIT TUTANO Shampoing Tutanol. 300ml Masque Tutano 300gr Actvateur de Boule sans rinsage Tutano 300ml &nbsp;","og_url":"https:\/\/ugava.com\/en\/shop\/biotipo\/ligne-tutano\/","og_site_name":"UGAVA","article_publisher":"https:\/\/www.facebook.com\/ugava","twitter_card":"summary_large_image","twitter_misc":{"Availability":"In stock"},"schema":{"@context":"https:\/\/schema.org","@graph":[{"@type":"WebPage","@id":"https:\/\/ugava.com\/en\/shop\/biotipo\/ligne-tutano\/","url":"https:\/\/ugava.com\/en\/shop\/biotipo\/ligne-tutano\/","name":"GAMME TUTANO - UGAVA","isPartOf":{"@id":"https:\/\/ugava.com\/en\/#website"},"primaryImageOfPage":{"@id":"https:\/\/ugava.com\/en\/shop\/biotipo\/ligne-tutano\/#primaryimage"},"image":{"@id":"https:\/\/ugava.com\/en\/shop\/biotipo\/ligne-tutano\/#primaryimage"},"thumbnailUrl":"https:\/\/ugava.com\/wp-content\/uploads\/2020\/12\/BIOTIPO-MARROW-LINE2-scaled.jpg","datePublished":"2020-12-04T19:19:25+00:00","breadcrumb":{"@id":"https:\/\/ugava.com\/en\/shop\/biotipo\/ligne-tutano\/#breadcrumb"},"inLanguage":"en-US","potentialAction":[{"@type":"ReadAction","target":["https:\/\/ugava.com\/en\/shop\/biotipo\/ligne-tutano\/"]}]},{"@type":"ImageObject","inLanguage":"en-US","@id":"https:\/\/ugava.com\/en\/shop\/biotipo\/ligne-tutano\/#primaryimage","url":"https:\/\/ugava.com\/wp-content\/uploads\/2020\/12\/BIOTIPO-MARROW-LINE2-scaled.jpg","contentUrl":"https:\/\/ugava.com\/wp-content\/uploads\/2020\/12\/BIOTIPO-MARROW-LINE2-scaled.jpg","width":2560,"height":1153},{"@type":"BreadcrumbList","@id":"https:\/\/ugava.com\/en\/shop\/biotipo\/ligne-tutano\/#breadcrumb","itemListElement":[{"@type":"ListItem","position":1,"name":"Home","item":"https:\/\/ugava.com\/en\/"},{"@type":"ListItem","position":2,"name":"Shop","item":"https:\/\/ugava.com\/en\/shop-2\/"},{"@type":"ListItem","position":3,"name":"GAMME TUTANO"}]},{"@type":"WebSite","@id":"https:\/\/ugava.com\/en\/#website","url":"https:\/\/ugava.com\/en\/","name":"UGAVA","description":"DISTRIBUTION UGAVA","publisher":{"@id":"https:\/\/ugava.com\/en\/#organization"},"potentialAction":[{"@type":"SearchAction","target":{"@type":"EntryPoint","urlTemplate":"https:\/\/ugava.com\/en\/?s={search_term_string}"},"query-input":{"@type":"PropertyValueSpecification","valueRequired":true,"valueName":"search_term_string"}}],"inLanguage":"en-US"},{"@type":"Organization","@id":"https:\/\/ugava.com\/en\/#organization","name":"DISTRIBUTION UGAVA","url":"https:\/\/ugava.com\/en\/","logo":{"@type":"ImageObject","inLanguage":"en-US","@id":"https:\/\/ugava.com\/en\/#\/schema\/logo\/image\/","url":"https:\/\/ugava.com\/wp-content\/uploads\/2021\/03\/cropped-logoUgava1-1024-icon-1.gif","contentUrl":"https:\/\/ugava.com\/wp-content\/uploads\/2021\/03\/cropped-logoUgava1-1024-icon-1.gif","width":512,"height":512,"caption":"DISTRIBUTION UGAVA"},"image":{"@id":"https:\/\/ugava.com\/en\/#\/schema\/logo\/image\/"},"sameAs":["https:\/\/www.facebook.com\/ugava","https:\/\/www.instagram.com\/ugava.distribution"]}]},"og_availability":"instock","product_availability":"instock","product_condition":"new"},"_links":{"self":[{"href":"https:\/\/ugava.com\/en\/wp-json\/wp\/v2\/product\/12076","targetHints":{"allow":["GET"]}}],"collection":[{"href":"https:\/\/ugava.com\/en\/wp-json\/wp\/v2\/product"}],"about":[{"href":"https:\/\/ugava.com\/en\/wp-json\/wp\/v2\/types\/product"}],"wp:featuredmedia":[{"embeddable":true,"href":"https:\/\/ugava.com\/en\/wp-json\/wp\/v2\/media\/10720"}],"wp:attachment":[{"href":"https:\/\/ugava.com\/en\/wp-json\/wp\/v2\/media?parent=12076"}],"wp:term":[{"taxonomy":"product_brand","embeddable":true,"href":"https:\/\/ugava.com\/en\/wp-json\/wp\/v2\/product_brand?post=12076"},{"taxonomy":"product_cat","embeddable":true,"href":"https:\/\/ugava.com\/en\/wp-json\/wp\/v2\/product_cat?post=12076"},{"taxonomy":"product_tag","embeddable":true,"href":"https:\/\/ugava.com\/en\/wp-json\/wp\/v2\/product_tag?post=12076"}],"curies":[{"name":"wp","href":"https:\/\/api.w.org\/{rel}","templated":true}]}}