{"id":9864,"date":"2020-09-16T10:30:13","date_gmt":"2020-09-16T14:30:13","guid":{"rendered":"https:\/\/ugava.com\/?post_type=product&#038;p=9864"},"modified":"2025-06-11T10:05:07","modified_gmt":"2025-06-11T15:05:07","slug":"no-more-kit","status":"publish","type":"product","link":"https:\/\/ugava.com\/en\/shop\/pro-fanola-en\/hair-care-en\/no-more-kit\/","title":{"rendered":"Restricted content"},"content":{"rendered":"<p>R\u00e9server uniquement aux membres professionnels<\/p>","protected":false},"excerpt":{"rendered":"En utilisant la Technologie Brevet\u00e9e\u00a0 MIRACLAY, Fanola introduit une nouvelle cat\u00e9gorie de produits dans le secteur de la coiffure professionnelle . THE STYLING MASK Un produit innovant qui nourrit, d\u00e9m\u00eale et hydrate. Les fonctions combin\u00e9es d\u2019un masque et d\u2019un produit coiffant. (avec une formule sans r\u00e9sine). Gr\u00e2ce \u00e0 la technologie innovante avec des \u00e9l\u00e9ments naturels, contr\u00f4le le volume des cheveux difficiles et rebelles et r\u00e9duit le temps de s\u00e9chage final, facilitant le coiffage et garantissant un r\u00e9sultat plus durable. La formule cosm\u00e9tique riche laisse les cheveux extr\u00eamement doux et hydrat\u00e9s en seulement 2 minutes. SANS SILICONE. MASQUE Propri\u00e9t\u00e9s : \u2022 Ph 3\u20133,5 \u2022 Sans silicone et sans paraben \u2022 Une texture soyeuse \u2022 Un temps de pause rapide de 2 minutes \u2022 99% des ingr\u00e9dients d\u2019origine naturelle \u2022 Vegan B\u00e9n\u00e9fices : \u2022 Action anti frisottis \u2022 Contr\u00f4le du volume \u2022 Effet coiffant longue dur\u00e9e \u2022 R\u00e9duction du temps de s\u00e9chage \u2022 Protection contre la pollution \u2022 N\u2019alourdit pas les cheveux SHAMPOING Propri\u00e9t\u00e9s : \u2022 Ph 5,5 - 6 \u2022 Sans silicone \u2022 99.3% des ingr\u00e9dients d\u2019origine naturelle \u2022 Vegan B\u00e9n\u00e9fices : \u2022 Fort pouvoir nettoyant \u2022 Nettoie des impuret\u00e9s sans endommager la barri\u00e8re hydrolipidique du cuir chevelu \u2022 Pr\u00e9pare les&hellip; <a class=\"read-more-link\" href=\"https:\/\/ugava.com\/en\/shop\/pro-fanola-en\/hair-care-en\/no-more-kit\/\">Read More<\/a>","protected":false},"featured_media":10476,"template":"","meta":[],"product_brand":[609],"product_cat":[189],"product_tag":[],"class_list":{"0":"post-9864","1":"product","2":"type-product","3":"status-publish","5":"product_brand-fanola","6":"product_cat-hair-care","8":"first","9":"instock","10":"sale","11":"featured","12":"taxable","13":"shipping-taxable","14":"purchasable","15":"product-type-simple"},"yoast_head":"<!-- This site is optimized with the Yoast SEO Premium plugin v26.4 (Yoast SEO v26.4) - https:\/\/yoast.com\/wordpress\/plugins\/seo\/ -->\n<title>NO MORE KIT - UGAVA<\/title>\n<meta name=\"description\" content=\"Une gamme compacte pour les cheveux indisciplin\u00e9s, rebelles et cr\u00e9pus (color\u00e9s,d\u00e9color\u00e9s et trait\u00e9s chimiquement) pour nourrir, hydrater, d\u00e9m\u00ealer avec un effet coiffant de longue dur\u00e9e.\" \/>\n<meta name=\"robots\" content=\"index, follow, max-snippet:-1, max-image-preview:large, max-video-preview:-1\" \/>\n<link rel=\"canonical\" href=\"https:\/\/ugava.com\/en\/shop\/pro-fanola-en\/hair-care-en\/no-more-kit\/\" \/>\n<meta property=\"og:locale\" content=\"en_US\" \/>\n<meta property=\"og:type\" content=\"article\" \/>\n<meta property=\"og:title\" content=\"NO MORE KIT\" \/>\n<meta property=\"og:description\" content=\"Une gamme compacte pour les cheveux indisciplin\u00e9s, rebelles et cr\u00e9pus (color\u00e9s,d\u00e9color\u00e9s et trait\u00e9s chimiquement) pour nourrir, hydrater, d\u00e9m\u00ealer avec un effet coiffant de longue dur\u00e9e.\" \/>\n<meta property=\"og:url\" content=\"https:\/\/ugava.com\/en\/shop\/pro-fanola-en\/hair-care-en\/no-more-kit\/\" \/>\n<meta property=\"og:site_name\" content=\"UGAVA\" \/>\n<meta property=\"article:publisher\" content=\"https:\/\/www.facebook.com\/ugava\" \/>\n<meta property=\"article:modified_time\" content=\"2025-06-11T15:05:07+00:00\" \/>\n<meta property=\"og:image\" content=\"https:\/\/ugava.com\/wp-content\/uploads\/2020\/09\/NO-MORE-KIT-1024x773.png\" \/>\n\t<meta property=\"og:image:width\" content=\"1024\" \/>\n\t<meta property=\"og:image:height\" content=\"773\" \/>\n\t<meta property=\"og:image:type\" content=\"image\/png\" \/>\n<meta name=\"twitter:card\" content=\"summary_large_image\" \/>\n<meta name=\"twitter:label1\" content=\"Price\" \/>\n\t<meta name=\"twitter:data1\" content=\"&#036;40.00\" \/>\n\t<meta name=\"twitter:label2\" content=\"Availability\" \/>\n\t<meta name=\"twitter:data2\" content=\"In stock\" \/>\n<script type=\"application\/ld+json\" class=\"yoast-schema-graph\">{\"@context\":\"https:\/\/schema.org\",\"@graph\":[{\"@type\":\"WebPage\",\"@id\":\"https:\/\/ugava.com\/en\/shop\/pro-fanola-en\/hair-care-en\/no-more-kit\/\",\"url\":\"https:\/\/ugava.com\/en\/shop\/pro-fanola-en\/hair-care-en\/no-more-kit\/\",\"name\":\"NO MORE KIT - UGAVA\",\"isPartOf\":{\"@id\":\"https:\/\/ugava.com\/en\/#website\"},\"datePublished\":\"2020-09-16T14:30:13+00:00\",\"dateModified\":\"2025-06-11T15:05:07+00:00\",\"description\":\"Une gamme compacte pour les cheveux indisciplin\u00e9s, rebelles et cr\u00e9pus (color\u00e9s,d\u00e9color\u00e9s et trait\u00e9s chimiquement) pour nourrir, hydrater, d\u00e9m\u00ealer avec un effet coiffant de longue dur\u00e9e.\",\"breadcrumb\":{\"@id\":\"https:\/\/ugava.com\/en\/shop\/pro-fanola-en\/hair-care-en\/no-more-kit\/#breadcrumb\"},\"inLanguage\":\"en-US\",\"potentialAction\":[{\"@type\":\"ReadAction\",\"target\":[\"https:\/\/ugava.com\/en\/shop\/pro-fanola-en\/hair-care-en\/no-more-kit\/\"]}]},{\"@type\":\"BreadcrumbList\",\"@id\":\"https:\/\/ugava.com\/en\/shop\/pro-fanola-en\/hair-care-en\/no-more-kit\/#breadcrumb\",\"itemListElement\":[{\"@type\":\"ListItem\",\"position\":1,\"name\":\"Home\",\"item\":\"https:\/\/ugava.com\/en\/\"},{\"@type\":\"ListItem\",\"position\":2,\"name\":\"Shop\",\"item\":\"https:\/\/ugava.com\/en\/shop-2\/\"},{\"@type\":\"ListItem\",\"position\":3,\"name\":\"NO MORE KIT\"}]},{\"@type\":\"WebSite\",\"@id\":\"https:\/\/ugava.com\/en\/#website\",\"url\":\"https:\/\/ugava.com\/en\/\",\"name\":\"UGAVA\",\"description\":\"DISTRIBUTION UGAVA\",\"publisher\":{\"@id\":\"https:\/\/ugava.com\/en\/#organization\"},\"potentialAction\":[{\"@type\":\"SearchAction\",\"target\":{\"@type\":\"EntryPoint\",\"urlTemplate\":\"https:\/\/ugava.com\/en\/?s={search_term_string}\"},\"query-input\":{\"@type\":\"PropertyValueSpecification\",\"valueRequired\":true,\"valueName\":\"search_term_string\"}}],\"inLanguage\":\"en-US\"},{\"@type\":\"Organization\",\"@id\":\"https:\/\/ugava.com\/en\/#organization\",\"name\":\"DISTRIBUTION UGAVA\",\"url\":\"https:\/\/ugava.com\/en\/\",\"logo\":{\"@type\":\"ImageObject\",\"inLanguage\":\"en-US\",\"@id\":\"https:\/\/ugava.com\/en\/#\/schema\/logo\/image\/\",\"url\":\"https:\/\/ugava.com\/wp-content\/uploads\/2021\/03\/cropped-logoUgava1-1024-icon-1.gif\",\"contentUrl\":\"https:\/\/ugava.com\/wp-content\/uploads\/2021\/03\/cropped-logoUgava1-1024-icon-1.gif\",\"width\":512,\"height\":512,\"caption\":\"DISTRIBUTION UGAVA\"},\"image\":{\"@id\":\"https:\/\/ugava.com\/en\/#\/schema\/logo\/image\/\"},\"sameAs\":[\"https:\/\/www.facebook.com\/ugava\",\"https:\/\/www.instagram.com\/ugava.distribution\"]}]}<\/script>\n<meta property=\"product:price:amount\" content=\"40.00\" \/>\n<meta property=\"product:price:currency\" content=\"CAD\" \/>\n<meta property=\"og:availability\" content=\"instock\" \/>\n<meta property=\"product:availability\" content=\"instock\" \/>\n<meta property=\"product:condition\" content=\"new\" \/>\n<!-- \/ Yoast SEO Premium plugin. -->","yoast_head_json":{"title":"NO MORE KIT - UGAVA","description":"Une gamme compacte pour les cheveux indisciplin\u00e9s, rebelles et cr\u00e9pus (color\u00e9s,d\u00e9color\u00e9s et trait\u00e9s chimiquement) pour nourrir, hydrater, d\u00e9m\u00ealer avec un effet coiffant de longue dur\u00e9e.","robots":{"index":"index","follow":"follow","max-snippet":"max-snippet:-1","max-image-preview":"max-image-preview:large","max-video-preview":"max-video-preview:-1"},"canonical":"https:\/\/ugava.com\/en\/shop\/pro-fanola-en\/hair-care-en\/no-more-kit\/","og_locale":"en_US","og_type":"article","og_title":"NO MORE KIT","og_description":"Une gamme compacte pour les cheveux indisciplin\u00e9s, rebelles et cr\u00e9pus (color\u00e9s,d\u00e9color\u00e9s et trait\u00e9s chimiquement) pour nourrir, hydrater, d\u00e9m\u00ealer avec un effet coiffant de longue dur\u00e9e.","og_url":"https:\/\/ugava.com\/en\/shop\/pro-fanola-en\/hair-care-en\/no-more-kit\/","og_site_name":"UGAVA","article_publisher":"https:\/\/www.facebook.com\/ugava","article_modified_time":"2025-06-11T15:05:07+00:00","og_image":[{"width":1024,"height":773,"url":"https:\/\/ugava.com\/wp-content\/uploads\/2020\/09\/NO-MORE-KIT-1024x773.png","type":"image\/png"}],"twitter_card":"summary_large_image","twitter_misc":{"Price":"&#36;40.00","Availability":"In stock"},"schema":{"@context":"https:\/\/schema.org","@graph":[{"@type":"WebPage","@id":"https:\/\/ugava.com\/en\/shop\/pro-fanola-en\/hair-care-en\/no-more-kit\/","url":"https:\/\/ugava.com\/en\/shop\/pro-fanola-en\/hair-care-en\/no-more-kit\/","name":"NO MORE KIT - UGAVA","isPartOf":{"@id":"https:\/\/ugava.com\/en\/#website"},"datePublished":"2020-09-16T14:30:13+00:00","dateModified":"2025-06-11T15:05:07+00:00","description":"Une gamme compacte pour les cheveux indisciplin\u00e9s, rebelles et cr\u00e9pus (color\u00e9s,d\u00e9color\u00e9s et trait\u00e9s chimiquement) pour nourrir, hydrater, d\u00e9m\u00ealer avec un effet coiffant de longue dur\u00e9e.","breadcrumb":{"@id":"https:\/\/ugava.com\/en\/shop\/pro-fanola-en\/hair-care-en\/no-more-kit\/#breadcrumb"},"inLanguage":"en-US","potentialAction":[{"@type":"ReadAction","target":["https:\/\/ugava.com\/en\/shop\/pro-fanola-en\/hair-care-en\/no-more-kit\/"]}]},{"@type":"BreadcrumbList","@id":"https:\/\/ugava.com\/en\/shop\/pro-fanola-en\/hair-care-en\/no-more-kit\/#breadcrumb","itemListElement":[{"@type":"ListItem","position":1,"name":"Home","item":"https:\/\/ugava.com\/en\/"},{"@type":"ListItem","position":2,"name":"Shop","item":"https:\/\/ugava.com\/en\/shop-2\/"},{"@type":"ListItem","position":3,"name":"NO MORE KIT"}]},{"@type":"WebSite","@id":"https:\/\/ugava.com\/en\/#website","url":"https:\/\/ugava.com\/en\/","name":"UGAVA","description":"DISTRIBUTION UGAVA","publisher":{"@id":"https:\/\/ugava.com\/en\/#organization"},"potentialAction":[{"@type":"SearchAction","target":{"@type":"EntryPoint","urlTemplate":"https:\/\/ugava.com\/en\/?s={search_term_string}"},"query-input":{"@type":"PropertyValueSpecification","valueRequired":true,"valueName":"search_term_string"}}],"inLanguage":"en-US"},{"@type":"Organization","@id":"https:\/\/ugava.com\/en\/#organization","name":"DISTRIBUTION UGAVA","url":"https:\/\/ugava.com\/en\/","logo":{"@type":"ImageObject","inLanguage":"en-US","@id":"https:\/\/ugava.com\/en\/#\/schema\/logo\/image\/","url":"https:\/\/ugava.com\/wp-content\/uploads\/2021\/03\/cropped-logoUgava1-1024-icon-1.gif","contentUrl":"https:\/\/ugava.com\/wp-content\/uploads\/2021\/03\/cropped-logoUgava1-1024-icon-1.gif","width":512,"height":512,"caption":"DISTRIBUTION UGAVA"},"image":{"@id":"https:\/\/ugava.com\/en\/#\/schema\/logo\/image\/"},"sameAs":["https:\/\/www.facebook.com\/ugava","https:\/\/www.instagram.com\/ugava.distribution"]}]},"product_price_amount":"40.00","product_price_currency":"CAD","og_availability":"instock","product_availability":"instock","product_condition":"new"},"_links":{"self":[{"href":"https:\/\/ugava.com\/en\/wp-json\/wp\/v2\/product\/9864","targetHints":{"allow":["GET"]}}],"collection":[{"href":"https:\/\/ugava.com\/en\/wp-json\/wp\/v2\/product"}],"about":[{"href":"https:\/\/ugava.com\/en\/wp-json\/wp\/v2\/types\/product"}],"wp:featuredmedia":[{"embeddable":true,"href":"https:\/\/ugava.com\/en\/wp-json\/wp\/v2\/media\/10476"}],"wp:attachment":[{"href":"https:\/\/ugava.com\/en\/wp-json\/wp\/v2\/media?parent=9864"}],"wp:term":[{"taxonomy":"product_brand","embeddable":true,"href":"https:\/\/ugava.com\/en\/wp-json\/wp\/v2\/product_brand?post=9864"},{"taxonomy":"product_cat","embeddable":true,"href":"https:\/\/ugava.com\/en\/wp-json\/wp\/v2\/product_cat?post=9864"},{"taxonomy":"product_tag","embeddable":true,"href":"https:\/\/ugava.com\/en\/wp-json\/wp\/v2\/product_tag?post=9864"}],"curies":[{"name":"wp","href":"https:\/\/api.w.org\/{rel}","templated":true}]}}