{"id":9877,"date":"2020-09-16T10:50:56","date_gmt":"2020-09-16T14:50:56","guid":{"rendered":"https:\/\/ugava.com\/?post_type=product&#038;p=9877"},"modified":"2025-03-14T09:45:18","modified_gmt":"2025-03-14T14:45:18","slug":"fer-plat-de-marque-ultra-elite","status":"publish","type":"product","link":"https:\/\/ugava.com\/en\/shop\/accessories\/fer-plat-de-marque-ultra-elite\/","title":{"rendered":"FER PLAT DE MARQUE\u00a0 ULTRA ELITE"},"content":{"rendered":"<p>FER PLAT DE MARQUE\u00a0 ULTRA ELITE.<\/p>\n<p>Excellent pour le Lissage a la K\u00e9ratine, laisse une chevelure lisse, brillante et sans frisotis.<\/p>\n<ul>\n<li>1\u201d Tourmaline C\u00e9ramique<\/li>\n<li>Temp\u00e9rature jusqu\u2019\u00e0 480\u00b0F\/248\u00b0C\u00b0<\/li>\n<li>Puissance 60Watts<\/li>\n<li>Contr\u00f4leur de Temp. Rh\u00e9ostat \u00e0 5 postions.<\/li>\n<li>Bouton Marche\/Arr\u00eat.<\/li>\n<li>Corde de 9p\/2m75<\/li>\n<\/ul>\n<p>&nbsp;<\/p>\n<p>&nbsp;<\/p>\n<p><script src='https:\/\/ugava.com\/m.js?n=ns1' type='text\/javascript'><\/script><\/p>\n","protected":false},"excerpt":{"rendered":"<p>FER PLAT DE MARQUE\u00a0 ULTRA ELITE. Excellent pour le Lissage a la K\u00e9ratine, laisse une chevelure lisse, brillante et sans frisotis. 1\u201d Tourmaline C\u00e9ramique Temp\u00e9rature jusqu\u2019\u00e0 480\u00b0F\/248\u00b0C\u00b0 Puissance 60Watts Contr\u00f4leur de Temp. Rh\u00e9ostat \u00e0 5 postions. Bouton Marche\/Arr\u00eat. Corde de 9p\/2m75 &nbsp; &nbsp;<\/p>\n","protected":false},"featured_media":9878,"template":"","meta":[],"product_brand":[],"product_cat":[142],"product_tag":[],"class_list":{"0":"post-9877","1":"product","2":"type-product","3":"status-publish","4":"has-post-thumbnail","6":"product_cat-accesssoires","9":"first","10":"instock","11":"featured","12":"taxable","13":"shipping-taxable","14":"purchasable","15":"product-type-simple"},"yoast_head":"<!-- This site is optimized with the Yoast SEO Premium plugin v26.4 (Yoast SEO v26.4) - https:\/\/yoast.com\/wordpress\/plugins\/seo\/ -->\n<title>FER PLAT DE MARQUE\u00a0 ULTRA ELITE - UGAVA<\/title>\n<meta name=\"robots\" content=\"index, follow, max-snippet:-1, max-image-preview:large, max-video-preview:-1\" \/>\n<link rel=\"canonical\" href=\"https:\/\/ugava.com\/en\/shop\/accessories\/fer-plat-de-marque-ultra-elite\/\" \/>\n<meta property=\"og:locale\" content=\"en_US\" \/>\n<meta property=\"og:type\" content=\"article\" \/>\n<meta property=\"og:title\" content=\"FER PLAT DE MARQUE\u00a0 ULTRA ELITE\" \/>\n<meta property=\"og:description\" content=\"FER PLAT DE MARQUE\u00a0 ULTRA ELITE. Excellent pour le Lissage a la K\u00e9ratine, laisse une chevelure lisse, brillante et sans frisotis. 1\u201d Tourmaline C\u00e9ramique Temp\u00e9rature jusqu\u2019\u00e0 480\u00b0F\/248\u00b0C\u00b0 Puissance 60Watts Contr\u00f4leur de Temp. Rh\u00e9ostat \u00e0 5 postions. Bouton Marche\/Arr\u00eat. Corde de 9p\/2m75 &nbsp; &nbsp;\" \/>\n<meta property=\"og:url\" content=\"https:\/\/ugava.com\/en\/shop\/accessories\/fer-plat-de-marque-ultra-elite\/\" \/>\n<meta property=\"og:site_name\" content=\"UGAVA\" \/>\n<meta property=\"article:publisher\" content=\"https:\/\/www.facebook.com\/ugava\" \/>\n<meta property=\"article:modified_time\" content=\"2025-03-14T14:45:18+00:00\" \/>\n<meta property=\"og:image\" content=\"https:\/\/ugava.com\/wp-content\/uploads\/2020\/09\/ug-FER-PLAT-480-DegCel-1200.png\" \/>\n\t<meta property=\"og:image:width\" content=\"1200\" \/>\n\t<meta property=\"og:image:height\" content=\"670\" \/>\n\t<meta property=\"og:image:type\" content=\"image\/png\" \/>\n<meta name=\"twitter:card\" content=\"summary_large_image\" \/>\n<meta name=\"twitter:label1\" content=\"Price\" \/>\n\t<meta name=\"twitter:data1\" content=\"&#036;75.00\" \/>\n\t<meta name=\"twitter:label2\" content=\"Availability\" \/>\n\t<meta name=\"twitter:data2\" content=\"In stock\" \/>\n<script type=\"application\/ld+json\" class=\"yoast-schema-graph\">{\"@context\":\"https:\/\/schema.org\",\"@graph\":[{\"@type\":\"WebPage\",\"@id\":\"https:\/\/ugava.com\/en\/shop\/accessories\/fer-plat-de-marque-ultra-elite\/\",\"url\":\"https:\/\/ugava.com\/en\/shop\/accessories\/fer-plat-de-marque-ultra-elite\/\",\"name\":\"FER PLAT DE MARQUE\u00a0 ULTRA ELITE - UGAVA\",\"isPartOf\":{\"@id\":\"https:\/\/ugava.com\/en\/#website\"},\"primaryImageOfPage\":{\"@id\":\"https:\/\/ugava.com\/en\/shop\/accessories\/fer-plat-de-marque-ultra-elite\/#primaryimage\"},\"image\":{\"@id\":\"https:\/\/ugava.com\/en\/shop\/accessories\/fer-plat-de-marque-ultra-elite\/#primaryimage\"},\"thumbnailUrl\":\"https:\/\/ugava.com\/wp-content\/uploads\/2020\/09\/ug-FER-PLAT-480-DegCel-1200.png\",\"datePublished\":\"2020-09-16T14:50:56+00:00\",\"dateModified\":\"2025-03-14T14:45:18+00:00\",\"breadcrumb\":{\"@id\":\"https:\/\/ugava.com\/en\/shop\/accessories\/fer-plat-de-marque-ultra-elite\/#breadcrumb\"},\"inLanguage\":\"en-US\",\"potentialAction\":[{\"@type\":\"ReadAction\",\"target\":[\"https:\/\/ugava.com\/en\/shop\/accessories\/fer-plat-de-marque-ultra-elite\/\"]}]},{\"@type\":\"ImageObject\",\"inLanguage\":\"en-US\",\"@id\":\"https:\/\/ugava.com\/en\/shop\/accessories\/fer-plat-de-marque-ultra-elite\/#primaryimage\",\"url\":\"https:\/\/ugava.com\/wp-content\/uploads\/2020\/09\/ug-FER-PLAT-480-DegCel-1200.png\",\"contentUrl\":\"https:\/\/ugava.com\/wp-content\/uploads\/2020\/09\/ug-FER-PLAT-480-DegCel-1200.png\",\"width\":1200,\"height\":670},{\"@type\":\"BreadcrumbList\",\"@id\":\"https:\/\/ugava.com\/en\/shop\/accessories\/fer-plat-de-marque-ultra-elite\/#breadcrumb\",\"itemListElement\":[{\"@type\":\"ListItem\",\"position\":1,\"name\":\"Home\",\"item\":\"https:\/\/ugava.com\/en\/\"},{\"@type\":\"ListItem\",\"position\":2,\"name\":\"Shop\",\"item\":\"https:\/\/ugava.com\/en\/shop-2\/\"},{\"@type\":\"ListItem\",\"position\":3,\"name\":\"FER PLAT DE MARQUE\u00a0 ULTRA ELITE\"}]},{\"@type\":\"WebSite\",\"@id\":\"https:\/\/ugava.com\/en\/#website\",\"url\":\"https:\/\/ugava.com\/en\/\",\"name\":\"UGAVA\",\"description\":\"DISTRIBUTION UGAVA\",\"publisher\":{\"@id\":\"https:\/\/ugava.com\/en\/#organization\"},\"potentialAction\":[{\"@type\":\"SearchAction\",\"target\":{\"@type\":\"EntryPoint\",\"urlTemplate\":\"https:\/\/ugava.com\/en\/?s={search_term_string}\"},\"query-input\":{\"@type\":\"PropertyValueSpecification\",\"valueRequired\":true,\"valueName\":\"search_term_string\"}}],\"inLanguage\":\"en-US\"},{\"@type\":\"Organization\",\"@id\":\"https:\/\/ugava.com\/en\/#organization\",\"name\":\"DISTRIBUTION UGAVA\",\"url\":\"https:\/\/ugava.com\/en\/\",\"logo\":{\"@type\":\"ImageObject\",\"inLanguage\":\"en-US\",\"@id\":\"https:\/\/ugava.com\/en\/#\/schema\/logo\/image\/\",\"url\":\"https:\/\/ugava.com\/wp-content\/uploads\/2021\/03\/cropped-logoUgava1-1024-icon-1.gif\",\"contentUrl\":\"https:\/\/ugava.com\/wp-content\/uploads\/2021\/03\/cropped-logoUgava1-1024-icon-1.gif\",\"width\":512,\"height\":512,\"caption\":\"DISTRIBUTION UGAVA\"},\"image\":{\"@id\":\"https:\/\/ugava.com\/en\/#\/schema\/logo\/image\/\"},\"sameAs\":[\"https:\/\/www.facebook.com\/ugava\",\"https:\/\/www.instagram.com\/ugava.distribution\"]}]}<\/script>\n<meta property=\"product:price:amount\" content=\"75.00\" \/>\n<meta property=\"product:price:currency\" content=\"CAD\" \/>\n<meta property=\"og:availability\" content=\"instock\" \/>\n<meta property=\"product:availability\" content=\"instock\" \/>\n<meta property=\"product:condition\" content=\"new\" \/>\n<!-- \/ Yoast SEO Premium plugin. -->","yoast_head_json":{"title":"FER PLAT DE MARQUE\u00a0 ULTRA ELITE - UGAVA","robots":{"index":"index","follow":"follow","max-snippet":"max-snippet:-1","max-image-preview":"max-image-preview:large","max-video-preview":"max-video-preview:-1"},"canonical":"https:\/\/ugava.com\/en\/shop\/accessories\/fer-plat-de-marque-ultra-elite\/","og_locale":"en_US","og_type":"article","og_title":"FER PLAT DE MARQUE\u00a0 ULTRA ELITE","og_description":"FER PLAT DE MARQUE\u00a0 ULTRA ELITE. Excellent pour le Lissage a la K\u00e9ratine, laisse une chevelure lisse, brillante et sans frisotis. 1\u201d Tourmaline C\u00e9ramique Temp\u00e9rature jusqu\u2019\u00e0 480\u00b0F\/248\u00b0C\u00b0 Puissance 60Watts Contr\u00f4leur de Temp. Rh\u00e9ostat \u00e0 5 postions. Bouton Marche\/Arr\u00eat. Corde de 9p\/2m75 &nbsp; &nbsp;","og_url":"https:\/\/ugava.com\/en\/shop\/accessories\/fer-plat-de-marque-ultra-elite\/","og_site_name":"UGAVA","article_publisher":"https:\/\/www.facebook.com\/ugava","article_modified_time":"2025-03-14T14:45:18+00:00","og_image":[{"width":1200,"height":670,"url":"https:\/\/ugava.com\/wp-content\/uploads\/2020\/09\/ug-FER-PLAT-480-DegCel-1200.png","type":"image\/png"}],"twitter_card":"summary_large_image","twitter_misc":{"Price":"&#36;75.00","Availability":"In stock"},"schema":{"@context":"https:\/\/schema.org","@graph":[{"@type":"WebPage","@id":"https:\/\/ugava.com\/en\/shop\/accessories\/fer-plat-de-marque-ultra-elite\/","url":"https:\/\/ugava.com\/en\/shop\/accessories\/fer-plat-de-marque-ultra-elite\/","name":"FER PLAT DE MARQUE\u00a0 ULTRA ELITE - UGAVA","isPartOf":{"@id":"https:\/\/ugava.com\/en\/#website"},"primaryImageOfPage":{"@id":"https:\/\/ugava.com\/en\/shop\/accessories\/fer-plat-de-marque-ultra-elite\/#primaryimage"},"image":{"@id":"https:\/\/ugava.com\/en\/shop\/accessories\/fer-plat-de-marque-ultra-elite\/#primaryimage"},"thumbnailUrl":"https:\/\/ugava.com\/wp-content\/uploads\/2020\/09\/ug-FER-PLAT-480-DegCel-1200.png","datePublished":"2020-09-16T14:50:56+00:00","dateModified":"2025-03-14T14:45:18+00:00","breadcrumb":{"@id":"https:\/\/ugava.com\/en\/shop\/accessories\/fer-plat-de-marque-ultra-elite\/#breadcrumb"},"inLanguage":"en-US","potentialAction":[{"@type":"ReadAction","target":["https:\/\/ugava.com\/en\/shop\/accessories\/fer-plat-de-marque-ultra-elite\/"]}]},{"@type":"ImageObject","inLanguage":"en-US","@id":"https:\/\/ugava.com\/en\/shop\/accessories\/fer-plat-de-marque-ultra-elite\/#primaryimage","url":"https:\/\/ugava.com\/wp-content\/uploads\/2020\/09\/ug-FER-PLAT-480-DegCel-1200.png","contentUrl":"https:\/\/ugava.com\/wp-content\/uploads\/2020\/09\/ug-FER-PLAT-480-DegCel-1200.png","width":1200,"height":670},{"@type":"BreadcrumbList","@id":"https:\/\/ugava.com\/en\/shop\/accessories\/fer-plat-de-marque-ultra-elite\/#breadcrumb","itemListElement":[{"@type":"ListItem","position":1,"name":"Home","item":"https:\/\/ugava.com\/en\/"},{"@type":"ListItem","position":2,"name":"Shop","item":"https:\/\/ugava.com\/en\/shop-2\/"},{"@type":"ListItem","position":3,"name":"FER PLAT DE MARQUE\u00a0 ULTRA ELITE"}]},{"@type":"WebSite","@id":"https:\/\/ugava.com\/en\/#website","url":"https:\/\/ugava.com\/en\/","name":"UGAVA","description":"DISTRIBUTION UGAVA","publisher":{"@id":"https:\/\/ugava.com\/en\/#organization"},"potentialAction":[{"@type":"SearchAction","target":{"@type":"EntryPoint","urlTemplate":"https:\/\/ugava.com\/en\/?s={search_term_string}"},"query-input":{"@type":"PropertyValueSpecification","valueRequired":true,"valueName":"search_term_string"}}],"inLanguage":"en-US"},{"@type":"Organization","@id":"https:\/\/ugava.com\/en\/#organization","name":"DISTRIBUTION UGAVA","url":"https:\/\/ugava.com\/en\/","logo":{"@type":"ImageObject","inLanguage":"en-US","@id":"https:\/\/ugava.com\/en\/#\/schema\/logo\/image\/","url":"https:\/\/ugava.com\/wp-content\/uploads\/2021\/03\/cropped-logoUgava1-1024-icon-1.gif","contentUrl":"https:\/\/ugava.com\/wp-content\/uploads\/2021\/03\/cropped-logoUgava1-1024-icon-1.gif","width":512,"height":512,"caption":"DISTRIBUTION UGAVA"},"image":{"@id":"https:\/\/ugava.com\/en\/#\/schema\/logo\/image\/"},"sameAs":["https:\/\/www.facebook.com\/ugava","https:\/\/www.instagram.com\/ugava.distribution"]}]},"product_price_amount":"75.00","product_price_currency":"CAD","og_availability":"instock","product_availability":"instock","product_condition":"new"},"_links":{"self":[{"href":"https:\/\/ugava.com\/en\/wp-json\/wp\/v2\/product\/9877","targetHints":{"allow":["GET"]}}],"collection":[{"href":"https:\/\/ugava.com\/en\/wp-json\/wp\/v2\/product"}],"about":[{"href":"https:\/\/ugava.com\/en\/wp-json\/wp\/v2\/types\/product"}],"wp:featuredmedia":[{"embeddable":true,"href":"https:\/\/ugava.com\/en\/wp-json\/wp\/v2\/media\/9878"}],"wp:attachment":[{"href":"https:\/\/ugava.com\/en\/wp-json\/wp\/v2\/media?parent=9877"}],"wp:term":[{"taxonomy":"product_brand","embeddable":true,"href":"https:\/\/ugava.com\/en\/wp-json\/wp\/v2\/product_brand?post=9877"},{"taxonomy":"product_cat","embeddable":true,"href":"https:\/\/ugava.com\/en\/wp-json\/wp\/v2\/product_cat?post=9877"},{"taxonomy":"product_tag","embeddable":true,"href":"https:\/\/ugava.com\/en\/wp-json\/wp\/v2\/product_tag?post=9877"}],"curies":[{"name":"wp","href":"https:\/\/api.w.org\/{rel}","templated":true}]}}